{"id":2204,"date":"2018-06-22T08:24:23","date_gmt":"2018-06-22T08:24:23","guid":{"rendered":"http:\/\/asiattorney.amagumolabs.io\/detail-julien-tran\/"},"modified":"2023-07-21T13:22:26","modified_gmt":"2023-07-21T13:22:26","slug":"detail-julien-tran","status":"publish","type":"page","link":"http:\/\/54.179.223.75\/fr\/detail-julien-tran\/","title":{"rendered":"Detail Julien Tran"},"content":{"rendered":"<div class=\"wpb-content-wrapper\">[mk_page_section bg_color=\u00a0\u00bb#f3ecec\u00a0\u00bb bg_position=\u00a0\u00bbcenter center\u00a0\u00bb bg_repeat=\u00a0\u00bbno-repeat\u00a0\u00bb padding_top=\u00a0\u00bb80&Prime; padding_bottom=\u00a0\u00bb0&Prime; sidebar=\u00a0\u00bbsidebar-1&Prime;][vc_column][vc_row_inner][vc_column_inner width=\u00a0\u00bb1\/6&Prime;][vc_column_text css=\u00a0\u00bb.vc_custom_1582708281249{margin-bottom: 0px !important;}\u00a0\u00bb]<a class=\"back\" href=\"\/fr\/lequipe\/\">\u2190 Retour<\/a>[\/vc_column_text][\/vc_column_inner][vc_column_inner width=\u00a0\u00bb2\/3&Prime;][vc_column_text align=\u00a0\u00bbcenter\u00a0\u00bb margin_bottom=\u00a0\u00bb40&Prime; css=\u00a0\u00bb.vc_custom_1529655755932{margin-bottom: 0px !important;}\u00a0\u00bb]\n<h2><strong>Julien TRAN<\/strong><\/h2>\n[\/vc_column_text][vc_column_text align=\u00a0\u00bbcenter\u00a0\u00bb margin_bottom=\u00a0\u00bb50&Prime; css=\u00a0\u00bb.vc_custom_1529655770426{margin-bottom: 0px !important;}\u00a0\u00bb]Civil law expert, Of Counsel[\/vc_column_text][\/vc_column_inner][vc_column_inner width=\u00a0\u00bb1\/6&Prime;][\/vc_column_inner][\/vc_row_inner][\/vc_column][\/mk_page_section][mk_page_section bg_color=\u00a0\u00bb#f7f7f7&Prime; bg_position=\u00a0\u00bbcenter center\u00a0\u00bb bg_repeat=\u00a0\u00bbno-repeat\u00a0\u00bb padding_top=\u00a0\u00bb40&Prime; padding_bottom=\u00a0\u00bb40&Prime; el_class=\u00a0\u00bbhas-bg-overlay overlay&#8211;left light-red small\u00a0\u00bb sidebar=\u00a0\u00bbsidebar-1&Prime;][vc_column][vc_row_inner][vc_column_inner width=\u00a0\u00bb1\/3&Prime;][mk_image src=\u00a0\u00bbhttp:\/\/asiattorney.com\/wp-content\/uploads\/julian_tran.jpg\u00a0\u00bb image_size=\u00a0\u00bbfull\u00a0\u00bb][\/vc_column_inner][vc_column_inner width=\u00a0\u00bb2\/3&Prime;][vc_column_text css=\u00a0\u00bb.vc_custom_1576488318745{margin-bottom: 0px !important;}\u00a0\u00bb]\n<p class=\"text-out-team\">Titulaire du Dipl\u00f4me Sup\u00e9rieur du Notariat du Centre de Formation Professionnelle Notariale de Paris (M\u00e9moire: Vente immobili\u00e8re et conversion du prix en obligation de faire), du Master 2 Professionnel de Droit Notarial de l\u2019Universit\u00e9 Ren\u00e9 Descartes Paris V, du Master 2 Recherche de Droit Patrimonial Approfondi de l\u2019Universit\u00e9 Panth\u00e9on-Sorbonne Paris I (M\u00e9moire: L\u2019\u00e9tendue des op\u00e9rations sur cr\u00e9ance future), et du Certificat d\u2019Ach\u00e8vement \u201cContract Law: From Trust to Promise to Contract\u201d d\u00e9livr\u00e9 par HarvardX, la plateforme en ligne de l\u2019Universit\u00e9 de Harvard.<\/p>\n<p class=\"text-out-team\">Avant de nous rejoindre, Julien a travaill\u00e9 pendant plus de quatre ann\u00e9es dans le notariat, notamment en tant que Notaire Assistant \u00e0 Paris, sur l\u2019Ile de la R\u00e9union et en Nouvelle-Cal\u00e9donie. Sp\u00e9cialis\u00e9 en droit des contrats, en droit immobilier et en droit de la famille, Julien a men\u00e9 et accompagn\u00e9 familles et particuliers dans tous projets et \u00e9v\u00e8nements de la vie : de l\u2019acquisition immobili\u00e8re au mariage et PACS, en passant par le divorce, donations et successions, sans oublier la gestion du patrimoine et son optimisation fiscale.<\/p>\n<p class=\"text-out-team\">Fran\u00e7ais d\u2019origine vietnamienne, Julien s\u2019est install\u00e9 depuis 2016 au Vietnam et intervient depuis 2017 au sein de notre cabinet en tant que responsable du d\u00e9partement Droit civil (droit de la famille) et du Patrimoine. Il apporte son expertise et se charge de r\u00e9gler les affaires civiles, patrimoniales et familiales, avec ou sans \u00e9l\u00e9ment d\u2019extran\u00e9it\u00e9.<\/p>\n<p><em>Langues: Fran\u00e7ais, Anglais, Vietnamien<\/em>[\/vc_column_text][\/vc_column_inner][\/vc_row_inner][\/vc_column][\/mk_page_section][mk_page_section bg_position=\u00a0\u00bbcenter center\u00a0\u00bb bg_repeat=\u00a0\u00bbno-repeat\u00a0\u00bb padding_top=\u00a0\u00bb80&Prime; padding_bottom=\u00a0\u00bb0&Prime; sidebar=\u00a0\u00bbsidebar-1&Prime;][vc_column][vc_row_inner][vc_column_inner width=\u00a0\u00bb1\/6&Prime;][\/vc_column_inner][vc_column_inner width=\u00a0\u00bb2\/3&Prime;][vc_column_text align=\u00a0\u00bbcenter\u00a0\u00bb margin_bottom=\u00a0\u00bb40&Prime; css=\u00a0\u00bb.vc_custom_1576838453698{margin-bottom: 0px !important;}\u00a0\u00bb]\n<h2><strong>Autres membres de l\u2019\u00e9quipe<\/strong><\/h2>\n[\/vc_column_text][\/vc_column_inner][vc_column_inner width=\u00a0\u00bb1\/6&Prime;][\/vc_column_inner][\/vc_row_inner][vc_row_inner el_class=\u00a0\u00bbdetail-team-member\u00a0\u00bb][vc_column_inner width=\u00a0\u00bb1\/4&Prime;][mk_icon_box icon=\u00a0\u00bb\u00a0\u00bb title=\u00a0\u00bbAlbert FRANCESKINJ\u00a0\u00bb read_more_url=\u00a0\u00bbhttp:\/\/asiattorney.com\/fr\/detail-albert-franceskinj\/\u00a0\u00bb icon_color=\u00a0\u00bb\u00a0\u00bb icon_circle_color=\u00a0\u00bb\u00a0\u00bb]Avocat au Barreau de Paris, Fondateur[\/mk_icon_box][\/vc_column_inner][vc_column_inner width=\u00a0\u00bb1\/4&Prime;][mk_icon_box icon=\u00a0\u00bb\u00a0\u00bb title=\u00a0\u00bbAlejandro DOMINGUEZ\u00a0\u00bb read_more_url=\u00a0\u00bbhttp:\/\/asiattorney.com\/fr\/detail-alejandro-dominguez\/\u00a0\u00bb icon_color=\u00a0\u00bb\u00a0\u00bb icon_circle_color=\u00a0\u00bb\u00a0\u00bb]Avocat au barreau de Madrid, Associ\u00e9, Consul Honoraire d\u2019Espagne au Vietnam[\/mk_icon_box][\/vc_column_inner][vc_column_inner width=\u00a0\u00bb1\/4&Prime;][mk_icon_box icon=\u00a0\u00bb\u00a0\u00bb title=\u00a0\u00bbCaroline CHAZARD\u00a0\u00bb read_more_url=\u00a0\u00bbhttp:\/\/asiattorney.com\/fr\/caroline-chazard\/\u00a0\u00bb icon_color=\u00a0\u00bb\u00a0\u00bb icon_circle_color=\u00a0\u00bb\u00a0\u00bb]Avocat au Barreau de Paris, Bas\u00e9 en France[\/mk_icon_box][\/vc_column_inner][vc_column_inner width=\u00a0\u00bb1\/4&Prime;][mk_icon_box icon=\u00a0\u00bb\u00a0\u00bb title=\u00a0\u00bbLUONG Thuy Nhi Ph\u01b0\u01a1ng\u00a0\u00bb read_more_url=\u00a0\u00bbhttp:\/\/asiattorney.com\/fr\/detail-luongthuynhiphuong\/\u00a0\u00bb icon_color=\u00a0\u00bb\u00a0\u00bb icon_circle_color=\u00a0\u00bb\u00a0\u00bb]Avocat au barreau de Ho Chi Minh Ville, Collaboratrice[\/mk_icon_box][\/vc_column_inner][\/vc_row_inner][vc_row_inner el_class=\u00a0\u00bbdetail-team-member\u00a0\u00bb][vc_column_inner width=\u00a0\u00bb1\/4&Prime;][mk_icon_box icon=\u00a0\u00bb\u00a0\u00bb title=\u00a0\u00bbDUONG Thanh Bao\u00a0\u00bb read_more_url=\u00a0\u00bbhttp:\/\/asiattorney.com\/fr\/detail-duongthanhbao\/\u00a0\u00bb icon_color=\u00a0\u00bb\u00a0\u00bb icon_circle_color=\u00a0\u00bb\u00a0\u00bb]Avocat, Collaboratrice junior[\/mk_icon_box][\/vc_column_inner][vc_column_inner width=\u00a0\u00bb1\/4&Prime;][mk_icon_box icon=\u00a0\u00bb\u00a0\u00bb title=\u00a0\u00bbHuyen NGUYEN\u00a0\u00bb read_more_url=\u00a0\u00bbhttp:\/\/asiattorney.com\/fr\/detail-huyennguyen\/\u00a0\u00bb icon_color=\u00a0\u00bb\u00a0\u00bb icon_circle_color=\u00a0\u00bb\u00a0\u00bb]Assistante trilingue[\/mk_icon_box][\/vc_column_inner][vc_column_inner width=\u00a0\u00bb1\/4&Prime;][mk_icon_box icon=\u00a0\u00bb\u00a0\u00bb title=\u00a0\u00bbEvelyne NGUYEN\u00a0\u00bb read_more_url=\u00a0\u00bbhttp:\/\/asiattorney.com\/fr\/detail-evelyne-nguyen\/\u00a0\u00bb icon_color=\u00a0\u00bb\u00a0\u00bb icon_circle_color=\u00a0\u00bb\u00a0\u00bb]Conseil, expert en strat\u00e9gie Sant\u00e9, Pharma et Biotechnologies[\/mk_icon_box][\/vc_column_inner][vc_column_inner width=\u00a0\u00bb1\/4&Prime;][mk_icon_box icon=\u00a0\u00bb\u00a0\u00bb title=\u00a0\u00bbGuillaume LEMESLE\u00a0\u00bb read_more_url=\u00a0\u00bbhttp:\/\/asiattorney.com\/fr\/detail-guillaume-lemesle\/\u00a0\u00bb icon_color=\u00a0\u00bb\u00a0\u00bb icon_circle_color=\u00a0\u00bb\u00a0\u00bb]Conseil, expert et coach en d\u00e9veloppement professionnel[\/mk_icon_box][\/vc_column_inner][\/vc_row_inner][vc_row_inner el_class=\u00a0\u00bbdetail-team-member\u00a0\u00bb][vc_column_inner width=\u00a0\u00bb1\/4&Prime;][mk_icon_box icon=\u00a0\u00bb\u00a0\u00bb title=\u00a0\u00bbHubert MARTINI\u00a0\u00bb read_more_url=\u00a0\u00bbhttp:\/\/asiattorney.com\/fr\/detail-hubert-martini\/\u00a0\u00bb icon_color=\u00a0\u00bb\u00a0\u00bb icon_circle_color=\u00a0\u00bb\u00a0\u00bb]Conseil, expert en op\u00e9rations financi\u00e8res internationales[\/mk_icon_box][\/vc_column_inner][vc_column_inner width=\u00a0\u00bb1\/4&Prime;][mk_icon_box icon=\u00a0\u00bb\u00a0\u00bb title=\u00a0\u00bbNGUYEN Ha Dang\u00a0\u00bb read_more_url=\u00a0\u00bbhttp:\/\/asiattorney.com\/fr\/detail-nguyenhadang\/\u00a0\u00bb icon_color=\u00a0\u00bb\u00a0\u00bb icon_circle_color=\u00a0\u00bb\u00a0\u00bb]Conseil, expert et coach en d\u00e9veloppement professionnel[\/mk_icon_box][\/vc_column_inner][vc_column_inner width=\u00a0\u00bb1\/4&Prime;][mk_icon_box icon=\u00a0\u00bb\u00a0\u00bb title=\u00a0\u00bbJuliette MELY\u00a0\u00bb read_more_url=\u00a0\u00bbhttp:\/\/asiattorney.com\/fr\/detail-juliette-mely\/\u00a0\u00bb icon_color=\u00a0\u00bb\u00a0\u00bb icon_circle_color=\u00a0\u00bb\u00a0\u00bb]China Desk, Conseil Sp\u00e9cialiste du march\u00e9 chinois[\/mk_icon_box][\/vc_column_inner][vc_column_inner width=\u00a0\u00bb1\/4&Prime;][\/vc_column_inner][\/vc_row_inner][\/vc_column][\/mk_page_section]\n<\/div>","protected":false},"excerpt":{"rendered":"<p>[mk_page_section bg_color=\u00a0\u00bb#f3ecec\u00a0\u00bb bg_position=\u00a0\u00bbcenter center\u00a0\u00bb bg_repeat=\u00a0\u00bbno-repeat\u00a0\u00bb padding_top=\u00a0\u00bb80&Prime; padding_bottom=\u00a0\u00bb0&Prime; sidebar=\u00a0\u00bbsidebar-1&Prime;][vc_column][vc_row_inner][vc_column_inner width=\u00a0\u00bb1\/6&Prime;][vc_column_text css=\u00a0\u00bb.vc_custom_1582708281249{margin-bottom: 0px !important;}\u00a0\u00bb]\u2190 Retour[\/vc_column_text][\/vc_column_inner][vc_column_inner width=\u00a0\u00bb2\/3&Prime;][vc_column_text align=\u00a0\u00bbcenter\u00a0\u00bb margin_bottom=\u00a0\u00bb40&Prime; css=\u00a0\u00bb.vc_custom_1529655755932{margin-bottom: 0px !important;}\u00a0\u00bb] Julien TRAN [\/vc_column_text][vc_column_text align=\u00a0\u00bbcenter\u00a0\u00bb margin_bottom=\u00a0\u00bb50&Prime; css=\u00a0\u00bb.vc_custom_1529655770426{margin-bottom: 0px !important;}\u00a0\u00bb]Civil law expert, Of Counsel[\/vc_column_text][\/vc_column_inner][vc_column_inner width=\u00a0\u00bb1\/6&Prime;][\/vc_column_inner][\/vc_row_inner][\/vc_column][\/mk_page_section][mk_page_section bg_color=\u00a0\u00bb#f7f7f7&Prime; bg_position=\u00a0\u00bbcenter center\u00a0\u00bb bg_repeat=\u00a0\u00bbno-repeat\u00a0\u00bb padding_top=\u00a0\u00bb40&Prime; padding_bottom=\u00a0\u00bb40&Prime; el_class=\u00a0\u00bbhas-bg-overlay overlay&#8211;left light-red small\u00a0\u00bb sidebar=\u00a0\u00bbsidebar-1&Prime;][vc_column][vc_row_inner][vc_column_inner width=\u00a0\u00bb1\/3&Prime;][mk_image src=\u00a0\u00bbhttp:\/\/asiattorney.com\/wp-content\/uploads\/julian_tran.jpg\u00a0\u00bb image_size=\u00a0\u00bbfull\u00a0\u00bb][\/vc_column_inner][vc_column_inner width=\u00a0\u00bb2\/3&Prime;][vc_column_text css=\u00a0\u00bb.vc_custom_1576488318745{margin-bottom: 0px !important;}\u00a0\u00bb] Titulaire du Dipl\u00f4me Sup\u00e9rieur du [&hellip;]<\/p>\n","protected":false},"author":5,"featured_media":0,"parent":0,"menu_order":0,"comment_status":"closed","ping_status":"closed","template":"","meta":{"footnotes":""},"class_list":["post-2204","page","type-page","status-publish","hentry"],"yoast_head":"<!-- This site is optimized with the Yoast SEO plugin v23.5 - https:\/\/yoast.com\/wordpress\/plugins\/seo\/ -->\n<title>Detail Julien Tran - Fidal Asiattorneys<\/title>\n<meta name=\"robots\" content=\"index, follow, max-snippet:-1, max-image-preview:large, max-video-preview:-1\" \/>\n<link rel=\"canonical\" href=\"https:\/\/www.asiattorney.com\/fr\/detail-julien-tran\/\" \/>\n<meta property=\"og:locale\" content=\"fr_FR\" \/>\n<meta property=\"og:type\" content=\"article\" \/>\n<meta property=\"og:title\" content=\"Detail Julien Tran - Fidal Asiattorneys\" \/>\n<meta property=\"og:description\" content=\"[mk_page_section bg_color=\u00a0\u00bb#f3ecec\u00a0\u00bb bg_position=\u00a0\u00bbcenter center\u00a0\u00bb bg_repeat=\u00a0\u00bbno-repeat\u00a0\u00bb padding_top=\u00a0\u00bb80&Prime; padding_bottom=\u00a0\u00bb0&Prime; sidebar=\u00a0\u00bbsidebar-1&Prime;][vc_column][vc_row_inner][vc_column_inner width=\u00a0\u00bb1\/6&Prime;][vc_column_text css=\u00a0\u00bb.vc_custom_1582708281249{margin-bottom: 0px !important;}\u00a0\u00bb]\u2190 Retour[\/vc_column_text][\/vc_column_inner][vc_column_inner width=\u00a0\u00bb2\/3&Prime;][vc_column_text align=\u00a0\u00bbcenter\u00a0\u00bb margin_bottom=\u00a0\u00bb40&Prime; css=\u00a0\u00bb.vc_custom_1529655755932{margin-bottom: 0px !important;}\u00a0\u00bb] Julien TRAN [\/vc_column_text][vc_column_text align=\u00a0\u00bbcenter\u00a0\u00bb margin_bottom=\u00a0\u00bb50&Prime; css=\u00a0\u00bb.vc_custom_1529655770426{margin-bottom: 0px !important;}\u00a0\u00bb]Civil law expert, Of Counsel[\/vc_column_text][\/vc_column_inner][vc_column_inner width=\u00a0\u00bb1\/6&Prime;][\/vc_column_inner][\/vc_row_inner][\/vc_column][\/mk_page_section][mk_page_section bg_color=\u00a0\u00bb#f7f7f7&Prime; bg_position=\u00a0\u00bbcenter center\u00a0\u00bb bg_repeat=\u00a0\u00bbno-repeat\u00a0\u00bb padding_top=\u00a0\u00bb40&Prime; padding_bottom=\u00a0\u00bb40&Prime; el_class=\u00a0\u00bbhas-bg-overlay overlay&#8211;left light-red small\u00a0\u00bb sidebar=\u00a0\u00bbsidebar-1&Prime;][vc_column][vc_row_inner][vc_column_inner width=\u00a0\u00bb1\/3&Prime;][mk_image src=\u00a0\u00bbhttp:\/\/asiattorney.com\/wp-content\/uploads\/julian_tran.jpg\u00a0\u00bb image_size=\u00a0\u00bbfull\u00a0\u00bb][\/vc_column_inner][vc_column_inner width=\u00a0\u00bb2\/3&Prime;][vc_column_text css=\u00a0\u00bb.vc_custom_1576488318745{margin-bottom: 0px !important;}\u00a0\u00bb] Titulaire du Dipl\u00f4me Sup\u00e9rieur du [&hellip;]\" \/>\n<meta property=\"og:url\" content=\"https:\/\/www.asiattorney.com\/fr\/detail-julien-tran\/\" \/>\n<meta property=\"og:site_name\" content=\"Fidal Asiattorneys\" \/>\n<meta property=\"article:publisher\" content=\"https:\/\/www.facebook.com\/FidalAsiattorneys\" \/>\n<meta property=\"article:modified_time\" content=\"2023-07-21T13:22:26+00:00\" \/>\n<meta name=\"twitter:card\" content=\"summary_large_image\" \/>\n<meta name=\"twitter:label1\" content=\"Dur\u00e9e de lecture estim\u00e9e\" \/>\n\t<meta name=\"twitter:data1\" content=\"2 minutes\" \/>\n<script type=\"application\/ld+json\" class=\"yoast-schema-graph\">{\"@context\":\"https:\/\/schema.org\",\"@graph\":[{\"@type\":\"WebPage\",\"@id\":\"https:\/\/www.asiattorney.com\/fr\/detail-julien-tran\/\",\"url\":\"https:\/\/www.asiattorney.com\/fr\/detail-julien-tran\/\",\"name\":\"Detail Julien Tran - Fidal Asiattorneys\",\"isPartOf\":{\"@id\":\"https:\/\/54.179.223.75\/#website\"},\"datePublished\":\"2018-06-22T08:24:23+00:00\",\"dateModified\":\"2023-07-21T13:22:26+00:00\",\"breadcrumb\":{\"@id\":\"https:\/\/www.asiattorney.com\/fr\/detail-julien-tran\/#breadcrumb\"},\"inLanguage\":\"fr-FR\",\"potentialAction\":[{\"@type\":\"ReadAction\",\"target\":[\"https:\/\/www.asiattorney.com\/fr\/detail-julien-tran\/\"]}]},{\"@type\":\"BreadcrumbList\",\"@id\":\"https:\/\/www.asiattorney.com\/fr\/detail-julien-tran\/#breadcrumb\",\"itemListElement\":[{\"@type\":\"ListItem\",\"position\":1,\"name\":\"Home\",\"item\":\"https:\/\/www.asiattorney.com\/fr\/\"},{\"@type\":\"ListItem\",\"position\":2,\"name\":\"Detail Julien Tran\"}]},{\"@type\":\"WebSite\",\"@id\":\"https:\/\/54.179.223.75\/#website\",\"url\":\"https:\/\/54.179.223.75\/\",\"name\":\"Fidal Asiattorneys\",\"description\":\"Your crossborder crossculture legal partner\",\"publisher\":{\"@id\":\"https:\/\/54.179.223.75\/#organization\"},\"potentialAction\":[{\"@type\":\"SearchAction\",\"target\":{\"@type\":\"EntryPoint\",\"urlTemplate\":\"https:\/\/54.179.223.75\/?s={search_term_string}\"},\"query-input\":{\"@type\":\"PropertyValueSpecification\",\"valueRequired\":true,\"valueName\":\"search_term_string\"}}],\"inLanguage\":\"fr-FR\"},{\"@type\":\"Organization\",\"@id\":\"https:\/\/54.179.223.75\/#organization\",\"name\":\"Fidal Asiattorneys\",\"url\":\"https:\/\/54.179.223.75\/\",\"logo\":{\"@type\":\"ImageObject\",\"inLanguage\":\"fr-FR\",\"@id\":\"https:\/\/54.179.223.75\/#\/schema\/logo\/image\/\",\"url\":\"http:\/\/asiattorney.com\/wp-content\/uploads\/fidal-logo.jpg\",\"contentUrl\":\"http:\/\/asiattorney.com\/wp-content\/uploads\/fidal-logo.jpg\",\"width\":311,\"height\":58,\"caption\":\"Fidal Asiattorneys\"},\"image\":{\"@id\":\"https:\/\/54.179.223.75\/#\/schema\/logo\/image\/\"},\"sameAs\":[\"https:\/\/www.facebook.com\/FidalAsiattorneys\",\"https:\/\/www.linkedin.com\/company\/fidal-asiattorneys-vietnam\/\"]}]}<\/script>\n<!-- \/ Yoast SEO plugin. -->","yoast_head_json":{"title":"Detail Julien Tran - Fidal Asiattorneys","robots":{"index":"index","follow":"follow","max-snippet":"max-snippet:-1","max-image-preview":"max-image-preview:large","max-video-preview":"max-video-preview:-1"},"canonical":"https:\/\/www.asiattorney.com\/fr\/detail-julien-tran\/","og_locale":"fr_FR","og_type":"article","og_title":"Detail Julien Tran - Fidal Asiattorneys","og_description":"[mk_page_section bg_color=\u00a0\u00bb#f3ecec\u00a0\u00bb bg_position=\u00a0\u00bbcenter center\u00a0\u00bb bg_repeat=\u00a0\u00bbno-repeat\u00a0\u00bb padding_top=\u00a0\u00bb80&Prime; padding_bottom=\u00a0\u00bb0&Prime; sidebar=\u00a0\u00bbsidebar-1&Prime;][vc_column][vc_row_inner][vc_column_inner width=\u00a0\u00bb1\/6&Prime;][vc_column_text css=\u00a0\u00bb.vc_custom_1582708281249{margin-bottom: 0px !important;}\u00a0\u00bb]\u2190 Retour[\/vc_column_text][\/vc_column_inner][vc_column_inner width=\u00a0\u00bb2\/3&Prime;][vc_column_text align=\u00a0\u00bbcenter\u00a0\u00bb margin_bottom=\u00a0\u00bb40&Prime; css=\u00a0\u00bb.vc_custom_1529655755932{margin-bottom: 0px !important;}\u00a0\u00bb] Julien TRAN [\/vc_column_text][vc_column_text align=\u00a0\u00bbcenter\u00a0\u00bb margin_bottom=\u00a0\u00bb50&Prime; css=\u00a0\u00bb.vc_custom_1529655770426{margin-bottom: 0px !important;}\u00a0\u00bb]Civil law expert, Of Counsel[\/vc_column_text][\/vc_column_inner][vc_column_inner width=\u00a0\u00bb1\/6&Prime;][\/vc_column_inner][\/vc_row_inner][\/vc_column][\/mk_page_section][mk_page_section bg_color=\u00a0\u00bb#f7f7f7&Prime; bg_position=\u00a0\u00bbcenter center\u00a0\u00bb bg_repeat=\u00a0\u00bbno-repeat\u00a0\u00bb padding_top=\u00a0\u00bb40&Prime; padding_bottom=\u00a0\u00bb40&Prime; el_class=\u00a0\u00bbhas-bg-overlay overlay&#8211;left light-red small\u00a0\u00bb sidebar=\u00a0\u00bbsidebar-1&Prime;][vc_column][vc_row_inner][vc_column_inner width=\u00a0\u00bb1\/3&Prime;][mk_image src=\u00a0\u00bbhttp:\/\/asiattorney.com\/wp-content\/uploads\/julian_tran.jpg\u00a0\u00bb image_size=\u00a0\u00bbfull\u00a0\u00bb][\/vc_column_inner][vc_column_inner width=\u00a0\u00bb2\/3&Prime;][vc_column_text css=\u00a0\u00bb.vc_custom_1576488318745{margin-bottom: 0px !important;}\u00a0\u00bb] Titulaire du Dipl\u00f4me Sup\u00e9rieur du [&hellip;]","og_url":"https:\/\/www.asiattorney.com\/fr\/detail-julien-tran\/","og_site_name":"Fidal Asiattorneys","article_publisher":"https:\/\/www.facebook.com\/FidalAsiattorneys","article_modified_time":"2023-07-21T13:22:26+00:00","twitter_card":"summary_large_image","twitter_misc":{"Dur\u00e9e de lecture estim\u00e9e":"2 minutes"},"schema":{"@context":"https:\/\/schema.org","@graph":[{"@type":"WebPage","@id":"https:\/\/www.asiattorney.com\/fr\/detail-julien-tran\/","url":"https:\/\/www.asiattorney.com\/fr\/detail-julien-tran\/","name":"Detail Julien Tran - Fidal Asiattorneys","isPartOf":{"@id":"https:\/\/54.179.223.75\/#website"},"datePublished":"2018-06-22T08:24:23+00:00","dateModified":"2023-07-21T13:22:26+00:00","breadcrumb":{"@id":"https:\/\/www.asiattorney.com\/fr\/detail-julien-tran\/#breadcrumb"},"inLanguage":"fr-FR","potentialAction":[{"@type":"ReadAction","target":["https:\/\/www.asiattorney.com\/fr\/detail-julien-tran\/"]}]},{"@type":"BreadcrumbList","@id":"https:\/\/www.asiattorney.com\/fr\/detail-julien-tran\/#breadcrumb","itemListElement":[{"@type":"ListItem","position":1,"name":"Home","item":"https:\/\/www.asiattorney.com\/fr\/"},{"@type":"ListItem","position":2,"name":"Detail Julien Tran"}]},{"@type":"WebSite","@id":"https:\/\/54.179.223.75\/#website","url":"https:\/\/54.179.223.75\/","name":"Fidal Asiattorneys","description":"Your crossborder crossculture legal partner","publisher":{"@id":"https:\/\/54.179.223.75\/#organization"},"potentialAction":[{"@type":"SearchAction","target":{"@type":"EntryPoint","urlTemplate":"https:\/\/54.179.223.75\/?s={search_term_string}"},"query-input":{"@type":"PropertyValueSpecification","valueRequired":true,"valueName":"search_term_string"}}],"inLanguage":"fr-FR"},{"@type":"Organization","@id":"https:\/\/54.179.223.75\/#organization","name":"Fidal Asiattorneys","url":"https:\/\/54.179.223.75\/","logo":{"@type":"ImageObject","inLanguage":"fr-FR","@id":"https:\/\/54.179.223.75\/#\/schema\/logo\/image\/","url":"http:\/\/asiattorney.com\/wp-content\/uploads\/fidal-logo.jpg","contentUrl":"http:\/\/asiattorney.com\/wp-content\/uploads\/fidal-logo.jpg","width":311,"height":58,"caption":"Fidal Asiattorneys"},"image":{"@id":"https:\/\/54.179.223.75\/#\/schema\/logo\/image\/"},"sameAs":["https:\/\/www.facebook.com\/FidalAsiattorneys","https:\/\/www.linkedin.com\/company\/fidal-asiattorneys-vietnam\/"]}]}},"_links":{"self":[{"href":"http:\/\/54.179.223.75\/fr\/wp-json\/wp\/v2\/pages\/2204"}],"collection":[{"href":"http:\/\/54.179.223.75\/fr\/wp-json\/wp\/v2\/pages"}],"about":[{"href":"http:\/\/54.179.223.75\/fr\/wp-json\/wp\/v2\/types\/page"}],"author":[{"embeddable":true,"href":"http:\/\/54.179.223.75\/fr\/wp-json\/wp\/v2\/users\/5"}],"replies":[{"embeddable":true,"href":"http:\/\/54.179.223.75\/fr\/wp-json\/wp\/v2\/comments?post=2204"}],"version-history":[{"count":9,"href":"http:\/\/54.179.223.75\/fr\/wp-json\/wp\/v2\/pages\/2204\/revisions"}],"predecessor-version":[{"id":2975,"href":"http:\/\/54.179.223.75\/fr\/wp-json\/wp\/v2\/pages\/2204\/revisions\/2975"}],"wp:attachment":[{"href":"http:\/\/54.179.223.75\/fr\/wp-json\/wp\/v2\/media?parent=2204"}],"curies":[{"name":"wp","href":"https:\/\/api.w.org\/{rel}","templated":true}]}}