{"id":2223,"date":"2018-06-22T08:59:24","date_gmt":"2018-06-22T08:59:24","guid":{"rendered":"http:\/\/asiattorney.amagumolabs.io\/detail-guillaume-lemesle\/"},"modified":"2023-07-21T13:29:23","modified_gmt":"2023-07-21T13:29:23","slug":"detail-guillaume-lemesle","status":"publish","type":"page","link":"http:\/\/54.179.223.75\/fr\/detail-guillaume-lemesle\/","title":{"rendered":"Detail Guillaume Lemesle"},"content":{"rendered":"<div class=\"wpb-content-wrapper\">[mk_page_section bg_color=\u00a0\u00bb#f3ecec\u00a0\u00bb bg_position=\u00a0\u00bbcenter center\u00a0\u00bb bg_repeat=\u00a0\u00bbno-repeat\u00a0\u00bb padding_top=\u00a0\u00bb80&Prime; padding_bottom=\u00a0\u00bb0&Prime; sidebar=\u00a0\u00bbsidebar-1&Prime;][vc_column][vc_row_inner][vc_column_inner width=\u00a0\u00bb1\/6&Prime;][vc_column_text css=\u00a0\u00bb.vc_custom_1582708373237{margin-bottom: 0px !important;}\u00a0\u00bb]<a class=\"back\" href=\"\/fr\/lequipe\/\">\u2190 Retour<\/a>[\/vc_column_text][\/vc_column_inner][vc_column_inner width=\u00a0\u00bb2\/3&Prime;][vc_column_text align=\u00a0\u00bbcenter\u00a0\u00bb margin_bottom=\u00a0\u00bb40&Prime; css=\u00a0\u00bb.vc_custom_1529657754308{margin-bottom: 0px !important;}\u00a0\u00bb]\n<h2><strong>Guillaume LEMESLE<\/strong><\/h2>\n[\/vc_column_text][vc_column_text align=\u00a0\u00bbcenter\u00a0\u00bb margin_bottom=\u00a0\u00bb50&Prime; css=\u00a0\u00bb.vc_custom_1576837824871{margin-bottom: 0px !important;}\u00a0\u00bb]Conseil, expert et coach en d\u00e9veloppement professionnel<br \/>\n[\/vc_column_text][\/vc_column_inner][vc_column_inner width=\u00a0\u00bb1\/6&Prime;][\/vc_column_inner][\/vc_row_inner][\/vc_column][\/mk_page_section][mk_page_section bg_color=\u00a0\u00bb#f7f7f7&Prime; bg_position=\u00a0\u00bbcenter center\u00a0\u00bb bg_repeat=\u00a0\u00bbno-repeat\u00a0\u00bb padding_top=\u00a0\u00bb40&Prime; padding_bottom=\u00a0\u00bb40&Prime; el_class=\u00a0\u00bbhas-bg-overlay overlay&#8211;left light-red small\u00a0\u00bb sidebar=\u00a0\u00bbsidebar-1&Prime;][vc_column][vc_row_inner][vc_column_inner width=\u00a0\u00bb1\/3&Prime;][mk_image src=\u00a0\u00bbhttp:\/\/asiattorney.com\/wp-content\/uploads\/guillaume_lemesle.jpg\u00a0\u00bb image_size=\u00a0\u00bbfull\u00a0\u00bb][\/vc_column_inner][vc_column_inner width=\u00a0\u00bb2\/3&Prime;][vc_column_text css=\u00a0\u00bb.vc_custom_1582708070463{margin-bottom: 0px !important;}\u00a0\u00bb]\n<p class=\"text-out-team\">Conseil, expert et coach en d\u00e9veloppement professionnel<\/p>\n<p class=\"text-out-team\">Manager pendant plus de trente ann\u00e9es en entreprise, coach certifi\u00e9 en PNL, Guillaume Lemesle travaille sur les relations de management, la motivation, le sens et le travail en \u00e9quipe. Selon lui, l&rsquo;entreprise peut \u00eatre un lieu de performance et d&rsquo;\u00e9panouissement.<\/p>\n<p><em>Langues : Fran\u00e7ais, Anglais<\/em>[\/vc_column_text][\/vc_column_inner][\/vc_row_inner][\/vc_column][\/mk_page_section][mk_page_section bg_position=\u00a0\u00bbcenter center\u00a0\u00bb bg_repeat=\u00a0\u00bbno-repeat\u00a0\u00bb padding_top=\u00a0\u00bb80&Prime; padding_bottom=\u00a0\u00bb0&Prime; sidebar=\u00a0\u00bbsidebar-1&Prime;][vc_column][vc_row_inner][vc_column_inner width=\u00a0\u00bb1\/6&Prime;][\/vc_column_inner][vc_column_inner width=\u00a0\u00bb2\/3&Prime;][vc_column_text align=\u00a0\u00bbcenter\u00a0\u00bb margin_bottom=\u00a0\u00bb40&Prime; css=\u00a0\u00bb.vc_custom_1576837794911{margin-bottom: 0px !important;}\u00a0\u00bb]\n<h2><strong>Autres membres de l\u2019\u00e9quipe<\/strong><\/h2>\n[\/vc_column_text][\/vc_column_inner][vc_column_inner width=\u00a0\u00bb1\/6&Prime;][\/vc_column_inner][\/vc_row_inner][vc_row_inner el_class=\u00a0\u00bbdetail-team-member\u00a0\u00bb][vc_column_inner width=\u00a0\u00bb1\/4&Prime;][mk_icon_box icon=\u00a0\u00bb\u00a0\u00bb title=\u00a0\u00bbAlbert FRANCESKINJ\u00a0\u00bb read_more_url=\u00a0\u00bbhttp:\/\/asiattorney.com\/fr\/detail-albert-franceskinj\/\u00a0\u00bb icon_color=\u00a0\u00bb\u00a0\u00bb icon_circle_color=\u00a0\u00bb\u00a0\u00bb]Avocat au Barreau de Paris, Fondateur[\/mk_icon_box][\/vc_column_inner][vc_column_inner width=\u00a0\u00bb1\/4&Prime;][mk_icon_box icon=\u00a0\u00bb\u00a0\u00bb title=\u00a0\u00bbAlejandro DOMINGUEZ HERREA\u00a0\u00bb read_more_url=\u00a0\u00bbhttp:\/\/asiattorney.com\/fr\/detail-alejandro-dominguez\/\u00a0\u00bb icon_color=\u00a0\u00bb\u00a0\u00bb icon_circle_color=\u00a0\u00bb\u00a0\u00bb]Avocat au barreau de Madrid, Associ\u00e9, Consul Honoraire d&rsquo;Espagne au Vietnam.[\/mk_icon_box][\/vc_column_inner][vc_column_inner width=\u00a0\u00bb1\/4&Prime;][mk_icon_box icon=\u00a0\u00bb\u00a0\u00bb title=\u00a0\u00bbCaroline CHAZARD\u00a0\u00bb read_more_url=\u00a0\u00bbhttp:\/\/asiattorney.com\/fr\/caroline-chazard\/\u00a0\u00bb icon_color=\u00a0\u00bb\u00a0\u00bb icon_circle_color=\u00a0\u00bb\u00a0\u00bb]Avocat au Barreau de Paris, Bas\u00e9 en France[\/mk_icon_box][\/vc_column_inner][vc_column_inner width=\u00a0\u00bb1\/4&Prime;][mk_icon_box icon=\u00a0\u00bb\u00a0\u00bb title=\u00a0\u00bbThuy Nhi Ph\u01b0\u01a1ng LUONG\u00a0\u00bb read_more_url=\u00a0\u00bbhttp:\/\/asiattorney.com\/fr\/detail-luongthuynhiphuong\/\u00a0\u00bb icon_color=\u00a0\u00bb\u00a0\u00bb icon_circle_color=\u00a0\u00bb\u00a0\u00bb]Avocat au barreau de Ho Chi Minh Ville, Collaboratrice[\/mk_icon_box][\/vc_column_inner][\/vc_row_inner][vc_row_inner el_class=\u00a0\u00bbdetail-team-member\u00a0\u00bb][vc_column_inner width=\u00a0\u00bb1\/4&Prime;][mk_icon_box icon=\u00a0\u00bb\u00a0\u00bb title=\u00a0\u00bbDUONG Thanh Bao\u00a0\u00bb read_more_url=\u00a0\u00bbhttp:\/\/asiattorney.com\/fr\/detail-nguyenthiminhtuyen\/\u00a0\u00bb icon_color=\u00a0\u00bb\u00a0\u00bb icon_circle_color=\u00a0\u00bb\u00a0\u00bb]Avocat, Collaboratrice junior[\/mk_icon_box][\/vc_column_inner][vc_column_inner width=\u00a0\u00bb1\/4&Prime;][mk_icon_box icon=\u00a0\u00bb\u00a0\u00bb title=\u00a0\u00bbHuyen NGUYEN\u00a0\u00bb read_more_url=\u00a0\u00bbhttp:\/\/asiattorney.com\/fr\/detail-huyennguyen\/\u00a0\u00bb icon_color=\u00a0\u00bb\u00a0\u00bb icon_circle_color=\u00a0\u00bb\u00a0\u00bb]Assistante trilingue[\/mk_icon_box][\/vc_column_inner][vc_column_inner width=\u00a0\u00bb1\/4&Prime;][mk_icon_box icon=\u00a0\u00bb\u00a0\u00bb title=\u00a0\u00bbJulien TRAN\u00a0\u00bb read_more_url=\u00a0\u00bbhttp:\/\/asiattorney.com\/fr\/detail-julien-tran\/\u00a0\u00bb icon_color=\u00a0\u00bb\u00a0\u00bb icon_circle_color=\u00a0\u00bb\u00a0\u00bb]Conseil, Expert en droit civil[\/mk_icon_box][\/vc_column_inner][vc_column_inner width=\u00a0\u00bb1\/4&Prime;][mk_icon_box icon=\u00a0\u00bb\u00a0\u00bb title=\u00a0\u00bbEvelyne NGUYEN\u00a0\u00bb read_more_url=\u00a0\u00bbhttp:\/\/asiattorney.com\/fr\/detail-evelyne-nguyen\/\u00a0\u00bb icon_color=\u00a0\u00bb\u00a0\u00bb icon_circle_color=\u00a0\u00bb\u00a0\u00bb]Conseil, expert en strat\u00e9gie Sant\u00e9, Pharma et Biotechnologies[\/mk_icon_box][\/vc_column_inner][\/vc_row_inner][vc_row_inner el_class=\u00a0\u00bbdetail-team-member\u00a0\u00bb][vc_column_inner width=\u00a0\u00bb1\/4&Prime;][mk_icon_box icon=\u00a0\u00bb\u00a0\u00bb title=\u00a0\u00bbHubert MARTINI\u00a0\u00bb read_more_url=\u00a0\u00bbhttp:\/\/asiattorney.com\/fr\/detail-hubert-martini\/\u00a0\u00bb icon_color=\u00a0\u00bb\u00a0\u00bb icon_circle_color=\u00a0\u00bb\u00a0\u00bb]Conseil, expert en op\u00e9rations financi\u00e8res internationales[\/mk_icon_box][\/vc_column_inner][vc_column_inner width=\u00a0\u00bb1\/4&Prime;][mk_icon_box icon=\u00a0\u00bb\u00a0\u00bb title=\u00a0\u00bbDang NGUYEN HA\u00a0\u00bb read_more_url=\u00a0\u00bbhttp:\/\/asiattorney.com\/fr\/detail-nguyenhadang\/\u00a0\u00bb icon_color=\u00a0\u00bb\u00a0\u00bb icon_circle_color=\u00a0\u00bb\u00a0\u00bb]Avocat au barreau de Ho Chi Minh Ville, Associ\u00e9[\/mk_icon_box][\/vc_column_inner][vc_column_inner width=\u00a0\u00bb1\/4&Prime;][mk_icon_box icon=\u00a0\u00bb\u00a0\u00bb title=\u00a0\u00bbJuliette MELY\u00a0\u00bb read_more_url=\u00a0\u00bbhttp:\/\/asiattorney.com\/fr\/detail-juliette-mely\/\u00a0\u00bb icon_color=\u00a0\u00bb\u00a0\u00bb icon_circle_color=\u00a0\u00bb\u00a0\u00bb]China Desk, Conseil Sp\u00e9cialiste du march\u00e9 chinois[\/mk_icon_box][\/vc_column_inner][vc_column_inner width=\u00a0\u00bb1\/4&Prime;][\/vc_column_inner][\/vc_row_inner][\/vc_column][\/mk_page_section]\n<\/div>","protected":false},"excerpt":{"rendered":"<p>[mk_page_section bg_color=\u00a0\u00bb#f3ecec\u00a0\u00bb bg_position=\u00a0\u00bbcenter center\u00a0\u00bb bg_repeat=\u00a0\u00bbno-repeat\u00a0\u00bb padding_top=\u00a0\u00bb80&Prime; padding_bottom=\u00a0\u00bb0&Prime; sidebar=\u00a0\u00bbsidebar-1&Prime;][vc_column][vc_row_inner][vc_column_inner width=\u00a0\u00bb1\/6&Prime;][vc_column_text css=\u00a0\u00bb.vc_custom_1582708373237{margin-bottom: 0px !important;}\u00a0\u00bb]\u2190 Retour[\/vc_column_text][\/vc_column_inner][vc_column_inner width=\u00a0\u00bb2\/3&Prime;][vc_column_text align=\u00a0\u00bbcenter\u00a0\u00bb margin_bottom=\u00a0\u00bb40&Prime; css=\u00a0\u00bb.vc_custom_1529657754308{margin-bottom: 0px !important;}\u00a0\u00bb] Guillaume LEMESLE [\/vc_column_text][vc_column_text align=\u00a0\u00bbcenter\u00a0\u00bb margin_bottom=\u00a0\u00bb50&Prime; css=\u00a0\u00bb.vc_custom_1576837824871{margin-bottom: 0px !important;}\u00a0\u00bb]Conseil, expert et coach en d\u00e9veloppement professionnel [\/vc_column_text][\/vc_column_inner][vc_column_inner width=\u00a0\u00bb1\/6&Prime;][\/vc_column_inner][\/vc_row_inner][\/vc_column][\/mk_page_section][mk_page_section bg_color=\u00a0\u00bb#f7f7f7&Prime; bg_position=\u00a0\u00bbcenter center\u00a0\u00bb bg_repeat=\u00a0\u00bbno-repeat\u00a0\u00bb padding_top=\u00a0\u00bb40&Prime; padding_bottom=\u00a0\u00bb40&Prime; el_class=\u00a0\u00bbhas-bg-overlay overlay&#8211;left light-red small\u00a0\u00bb sidebar=\u00a0\u00bbsidebar-1&Prime;][vc_column][vc_row_inner][vc_column_inner width=\u00a0\u00bb1\/3&Prime;][mk_image src=\u00a0\u00bbhttp:\/\/asiattorney.com\/wp-content\/uploads\/guillaume_lemesle.jpg\u00a0\u00bb image_size=\u00a0\u00bbfull\u00a0\u00bb][\/vc_column_inner][vc_column_inner width=\u00a0\u00bb2\/3&Prime;][vc_column_text css=\u00a0\u00bb.vc_custom_1582708070463{margin-bottom: 0px !important;}\u00a0\u00bb] Conseil, expert [&hellip;]<\/p>\n","protected":false},"author":5,"featured_media":0,"parent":0,"menu_order":0,"comment_status":"closed","ping_status":"closed","template":"","meta":{"footnotes":""},"class_list":["post-2223","page","type-page","status-publish","hentry"],"yoast_head":"<!-- This site is optimized with the Yoast SEO plugin v23.5 - https:\/\/yoast.com\/wordpress\/plugins\/seo\/ -->\n<title>Detail Guillaume Lemesle - Fidal Asiattorneys<\/title>\n<meta name=\"robots\" content=\"index, follow, max-snippet:-1, max-image-preview:large, max-video-preview:-1\" \/>\n<link rel=\"canonical\" href=\"https:\/\/www.asiattorney.com\/fr\/detail-guillaume-lemesle\/\" \/>\n<meta property=\"og:locale\" content=\"fr_FR\" \/>\n<meta property=\"og:type\" content=\"article\" \/>\n<meta property=\"og:title\" content=\"Detail Guillaume Lemesle - Fidal Asiattorneys\" \/>\n<meta property=\"og:description\" content=\"[mk_page_section bg_color=\u00a0\u00bb#f3ecec\u00a0\u00bb bg_position=\u00a0\u00bbcenter center\u00a0\u00bb bg_repeat=\u00a0\u00bbno-repeat\u00a0\u00bb padding_top=\u00a0\u00bb80&Prime; padding_bottom=\u00a0\u00bb0&Prime; sidebar=\u00a0\u00bbsidebar-1&Prime;][vc_column][vc_row_inner][vc_column_inner width=\u00a0\u00bb1\/6&Prime;][vc_column_text css=\u00a0\u00bb.vc_custom_1582708373237{margin-bottom: 0px !important;}\u00a0\u00bb]\u2190 Retour[\/vc_column_text][\/vc_column_inner][vc_column_inner width=\u00a0\u00bb2\/3&Prime;][vc_column_text align=\u00a0\u00bbcenter\u00a0\u00bb margin_bottom=\u00a0\u00bb40&Prime; css=\u00a0\u00bb.vc_custom_1529657754308{margin-bottom: 0px !important;}\u00a0\u00bb] Guillaume LEMESLE [\/vc_column_text][vc_column_text align=\u00a0\u00bbcenter\u00a0\u00bb margin_bottom=\u00a0\u00bb50&Prime; css=\u00a0\u00bb.vc_custom_1576837824871{margin-bottom: 0px !important;}\u00a0\u00bb]Conseil, expert et coach en d\u00e9veloppement professionnel [\/vc_column_text][\/vc_column_inner][vc_column_inner width=\u00a0\u00bb1\/6&Prime;][\/vc_column_inner][\/vc_row_inner][\/vc_column][\/mk_page_section][mk_page_section bg_color=\u00a0\u00bb#f7f7f7&Prime; bg_position=\u00a0\u00bbcenter center\u00a0\u00bb bg_repeat=\u00a0\u00bbno-repeat\u00a0\u00bb padding_top=\u00a0\u00bb40&Prime; padding_bottom=\u00a0\u00bb40&Prime; el_class=\u00a0\u00bbhas-bg-overlay overlay&#8211;left light-red small\u00a0\u00bb sidebar=\u00a0\u00bbsidebar-1&Prime;][vc_column][vc_row_inner][vc_column_inner width=\u00a0\u00bb1\/3&Prime;][mk_image src=\u00a0\u00bbhttp:\/\/asiattorney.com\/wp-content\/uploads\/guillaume_lemesle.jpg\u00a0\u00bb image_size=\u00a0\u00bbfull\u00a0\u00bb][\/vc_column_inner][vc_column_inner width=\u00a0\u00bb2\/3&Prime;][vc_column_text css=\u00a0\u00bb.vc_custom_1582708070463{margin-bottom: 0px !important;}\u00a0\u00bb] Conseil, expert [&hellip;]\" \/>\n<meta property=\"og:url\" content=\"https:\/\/www.asiattorney.com\/fr\/detail-guillaume-lemesle\/\" \/>\n<meta property=\"og:site_name\" content=\"Fidal Asiattorneys\" \/>\n<meta property=\"article:publisher\" content=\"https:\/\/www.facebook.com\/FidalAsiattorneys\" \/>\n<meta property=\"article:modified_time\" content=\"2023-07-21T13:29:23+00:00\" \/>\n<meta name=\"twitter:card\" content=\"summary_large_image\" \/>\n<meta name=\"twitter:label1\" content=\"Dur\u00e9e de lecture estim\u00e9e\" \/>\n\t<meta name=\"twitter:data1\" content=\"2 minutes\" \/>\n<script type=\"application\/ld+json\" class=\"yoast-schema-graph\">{\"@context\":\"https:\/\/schema.org\",\"@graph\":[{\"@type\":\"WebPage\",\"@id\":\"https:\/\/www.asiattorney.com\/fr\/detail-guillaume-lemesle\/\",\"url\":\"https:\/\/www.asiattorney.com\/fr\/detail-guillaume-lemesle\/\",\"name\":\"Detail Guillaume Lemesle - Fidal Asiattorneys\",\"isPartOf\":{\"@id\":\"https:\/\/54.179.223.75\/#website\"},\"datePublished\":\"2018-06-22T08:59:24+00:00\",\"dateModified\":\"2023-07-21T13:29:23+00:00\",\"breadcrumb\":{\"@id\":\"https:\/\/www.asiattorney.com\/fr\/detail-guillaume-lemesle\/#breadcrumb\"},\"inLanguage\":\"fr-FR\",\"potentialAction\":[{\"@type\":\"ReadAction\",\"target\":[\"https:\/\/www.asiattorney.com\/fr\/detail-guillaume-lemesle\/\"]}]},{\"@type\":\"BreadcrumbList\",\"@id\":\"https:\/\/www.asiattorney.com\/fr\/detail-guillaume-lemesle\/#breadcrumb\",\"itemListElement\":[{\"@type\":\"ListItem\",\"position\":1,\"name\":\"Home\",\"item\":\"https:\/\/www.asiattorney.com\/fr\/\"},{\"@type\":\"ListItem\",\"position\":2,\"name\":\"Detail Guillaume Lemesle\"}]},{\"@type\":\"WebSite\",\"@id\":\"https:\/\/54.179.223.75\/#website\",\"url\":\"https:\/\/54.179.223.75\/\",\"name\":\"Fidal Asiattorneys\",\"description\":\"Your crossborder crossculture legal partner\",\"publisher\":{\"@id\":\"https:\/\/54.179.223.75\/#organization\"},\"potentialAction\":[{\"@type\":\"SearchAction\",\"target\":{\"@type\":\"EntryPoint\",\"urlTemplate\":\"https:\/\/54.179.223.75\/?s={search_term_string}\"},\"query-input\":{\"@type\":\"PropertyValueSpecification\",\"valueRequired\":true,\"valueName\":\"search_term_string\"}}],\"inLanguage\":\"fr-FR\"},{\"@type\":\"Organization\",\"@id\":\"https:\/\/54.179.223.75\/#organization\",\"name\":\"Fidal Asiattorneys\",\"url\":\"https:\/\/54.179.223.75\/\",\"logo\":{\"@type\":\"ImageObject\",\"inLanguage\":\"fr-FR\",\"@id\":\"https:\/\/54.179.223.75\/#\/schema\/logo\/image\/\",\"url\":\"http:\/\/asiattorney.com\/wp-content\/uploads\/fidal-logo.jpg\",\"contentUrl\":\"http:\/\/asiattorney.com\/wp-content\/uploads\/fidal-logo.jpg\",\"width\":311,\"height\":58,\"caption\":\"Fidal Asiattorneys\"},\"image\":{\"@id\":\"https:\/\/54.179.223.75\/#\/schema\/logo\/image\/\"},\"sameAs\":[\"https:\/\/www.facebook.com\/FidalAsiattorneys\",\"https:\/\/www.linkedin.com\/company\/fidal-asiattorneys-vietnam\/\"]}]}<\/script>\n<!-- \/ Yoast SEO plugin. -->","yoast_head_json":{"title":"Detail Guillaume Lemesle - Fidal Asiattorneys","robots":{"index":"index","follow":"follow","max-snippet":"max-snippet:-1","max-image-preview":"max-image-preview:large","max-video-preview":"max-video-preview:-1"},"canonical":"https:\/\/www.asiattorney.com\/fr\/detail-guillaume-lemesle\/","og_locale":"fr_FR","og_type":"article","og_title":"Detail Guillaume Lemesle - Fidal Asiattorneys","og_description":"[mk_page_section bg_color=\u00a0\u00bb#f3ecec\u00a0\u00bb bg_position=\u00a0\u00bbcenter center\u00a0\u00bb bg_repeat=\u00a0\u00bbno-repeat\u00a0\u00bb padding_top=\u00a0\u00bb80&Prime; padding_bottom=\u00a0\u00bb0&Prime; sidebar=\u00a0\u00bbsidebar-1&Prime;][vc_column][vc_row_inner][vc_column_inner width=\u00a0\u00bb1\/6&Prime;][vc_column_text css=\u00a0\u00bb.vc_custom_1582708373237{margin-bottom: 0px !important;}\u00a0\u00bb]\u2190 Retour[\/vc_column_text][\/vc_column_inner][vc_column_inner width=\u00a0\u00bb2\/3&Prime;][vc_column_text align=\u00a0\u00bbcenter\u00a0\u00bb margin_bottom=\u00a0\u00bb40&Prime; css=\u00a0\u00bb.vc_custom_1529657754308{margin-bottom: 0px !important;}\u00a0\u00bb] Guillaume LEMESLE [\/vc_column_text][vc_column_text align=\u00a0\u00bbcenter\u00a0\u00bb margin_bottom=\u00a0\u00bb50&Prime; css=\u00a0\u00bb.vc_custom_1576837824871{margin-bottom: 0px !important;}\u00a0\u00bb]Conseil, expert et coach en d\u00e9veloppement professionnel [\/vc_column_text][\/vc_column_inner][vc_column_inner width=\u00a0\u00bb1\/6&Prime;][\/vc_column_inner][\/vc_row_inner][\/vc_column][\/mk_page_section][mk_page_section bg_color=\u00a0\u00bb#f7f7f7&Prime; bg_position=\u00a0\u00bbcenter center\u00a0\u00bb bg_repeat=\u00a0\u00bbno-repeat\u00a0\u00bb padding_top=\u00a0\u00bb40&Prime; padding_bottom=\u00a0\u00bb40&Prime; el_class=\u00a0\u00bbhas-bg-overlay overlay&#8211;left light-red small\u00a0\u00bb sidebar=\u00a0\u00bbsidebar-1&Prime;][vc_column][vc_row_inner][vc_column_inner width=\u00a0\u00bb1\/3&Prime;][mk_image src=\u00a0\u00bbhttp:\/\/asiattorney.com\/wp-content\/uploads\/guillaume_lemesle.jpg\u00a0\u00bb image_size=\u00a0\u00bbfull\u00a0\u00bb][\/vc_column_inner][vc_column_inner width=\u00a0\u00bb2\/3&Prime;][vc_column_text css=\u00a0\u00bb.vc_custom_1582708070463{margin-bottom: 0px !important;}\u00a0\u00bb] Conseil, expert [&hellip;]","og_url":"https:\/\/www.asiattorney.com\/fr\/detail-guillaume-lemesle\/","og_site_name":"Fidal Asiattorneys","article_publisher":"https:\/\/www.facebook.com\/FidalAsiattorneys","article_modified_time":"2023-07-21T13:29:23+00:00","twitter_card":"summary_large_image","twitter_misc":{"Dur\u00e9e de lecture estim\u00e9e":"2 minutes"},"schema":{"@context":"https:\/\/schema.org","@graph":[{"@type":"WebPage","@id":"https:\/\/www.asiattorney.com\/fr\/detail-guillaume-lemesle\/","url":"https:\/\/www.asiattorney.com\/fr\/detail-guillaume-lemesle\/","name":"Detail Guillaume Lemesle - Fidal Asiattorneys","isPartOf":{"@id":"https:\/\/54.179.223.75\/#website"},"datePublished":"2018-06-22T08:59:24+00:00","dateModified":"2023-07-21T13:29:23+00:00","breadcrumb":{"@id":"https:\/\/www.asiattorney.com\/fr\/detail-guillaume-lemesle\/#breadcrumb"},"inLanguage":"fr-FR","potentialAction":[{"@type":"ReadAction","target":["https:\/\/www.asiattorney.com\/fr\/detail-guillaume-lemesle\/"]}]},{"@type":"BreadcrumbList","@id":"https:\/\/www.asiattorney.com\/fr\/detail-guillaume-lemesle\/#breadcrumb","itemListElement":[{"@type":"ListItem","position":1,"name":"Home","item":"https:\/\/www.asiattorney.com\/fr\/"},{"@type":"ListItem","position":2,"name":"Detail Guillaume Lemesle"}]},{"@type":"WebSite","@id":"https:\/\/54.179.223.75\/#website","url":"https:\/\/54.179.223.75\/","name":"Fidal Asiattorneys","description":"Your crossborder crossculture legal partner","publisher":{"@id":"https:\/\/54.179.223.75\/#organization"},"potentialAction":[{"@type":"SearchAction","target":{"@type":"EntryPoint","urlTemplate":"https:\/\/54.179.223.75\/?s={search_term_string}"},"query-input":{"@type":"PropertyValueSpecification","valueRequired":true,"valueName":"search_term_string"}}],"inLanguage":"fr-FR"},{"@type":"Organization","@id":"https:\/\/54.179.223.75\/#organization","name":"Fidal Asiattorneys","url":"https:\/\/54.179.223.75\/","logo":{"@type":"ImageObject","inLanguage":"fr-FR","@id":"https:\/\/54.179.223.75\/#\/schema\/logo\/image\/","url":"http:\/\/asiattorney.com\/wp-content\/uploads\/fidal-logo.jpg","contentUrl":"http:\/\/asiattorney.com\/wp-content\/uploads\/fidal-logo.jpg","width":311,"height":58,"caption":"Fidal Asiattorneys"},"image":{"@id":"https:\/\/54.179.223.75\/#\/schema\/logo\/image\/"},"sameAs":["https:\/\/www.facebook.com\/FidalAsiattorneys","https:\/\/www.linkedin.com\/company\/fidal-asiattorneys-vietnam\/"]}]}},"_links":{"self":[{"href":"http:\/\/54.179.223.75\/fr\/wp-json\/wp\/v2\/pages\/2223"}],"collection":[{"href":"http:\/\/54.179.223.75\/fr\/wp-json\/wp\/v2\/pages"}],"about":[{"href":"http:\/\/54.179.223.75\/fr\/wp-json\/wp\/v2\/types\/page"}],"author":[{"embeddable":true,"href":"http:\/\/54.179.223.75\/fr\/wp-json\/wp\/v2\/users\/5"}],"replies":[{"embeddable":true,"href":"http:\/\/54.179.223.75\/fr\/wp-json\/wp\/v2\/comments?post=2223"}],"version-history":[{"count":10,"href":"http:\/\/54.179.223.75\/fr\/wp-json\/wp\/v2\/pages\/2223\/revisions"}],"predecessor-version":[{"id":2978,"href":"http:\/\/54.179.223.75\/fr\/wp-json\/wp\/v2\/pages\/2223\/revisions\/2978"}],"wp:attachment":[{"href":"http:\/\/54.179.223.75\/fr\/wp-json\/wp\/v2\/media?parent=2223"}],"curies":[{"name":"wp","href":"https:\/\/api.w.org\/{rel}","templated":true}]}}