{"id":2329,"date":"2019-12-20T09:47:59","date_gmt":"2019-12-20T09:47:59","guid":{"rendered":"http:\/\/asiattorney.amagumolabs.io\/?page_id=2329"},"modified":"2023-07-21T13:02:58","modified_gmt":"2023-07-21T13:02:58","slug":"detail-juliette-mely","status":"publish","type":"page","link":"http:\/\/54.179.223.75\/fr\/detail-juliette-mely\/","title":{"rendered":"Detail Juliette MELY"},"content":{"rendered":"<div class=\"wpb-content-wrapper\">[mk_page_section bg_color=\u00a0\u00bb#f3ecec\u00a0\u00bb bg_position=\u00a0\u00bbcenter center\u00a0\u00bb bg_repeat=\u00a0\u00bbno-repeat\u00a0\u00bb padding_top=\u00a0\u00bb80&Prime; padding_bottom=\u00a0\u00bb0&Prime; sidebar=\u00a0\u00bbsidebar-1&Prime;][vc_column][vc_row_inner][vc_column_inner width=\u00a0\u00bb1\/6&Prime;][vc_column_text css=\u00a0\u00bb.vc_custom_1582708290600{margin-bottom: 0px !important;}\u00a0\u00bb]<a class=\"back\" href=\"\/fr\/lequipe\/\">\u2190 Retour<\/a>[\/vc_column_text][\/vc_column_inner][vc_column_inner width=\u00a0\u00bb2\/3&Prime;][vc_column_text align=\u00a0\u00bbcenter\u00a0\u00bb margin_bottom=\u00a0\u00bb40&Prime; css=\u00a0\u00bb.vc_custom_1576835130305{margin-bottom: 0px !important;}\u00a0\u00bb]\n<h2><strong>Juliette MELY <\/strong><\/h2>\n[\/vc_column_text][vc_column_text align=\u00a0\u00bbcenter\u00a0\u00bb margin_bottom=\u00a0\u00bb50&Prime; css=\u00a0\u00bb.vc_custom_1576835101738{margin-bottom: 0px !important;}\u00a0\u00bb]China Desk, Conseil<br \/>\nSp\u00e9cialiste du march\u00e9 chinois<br \/>\n[\/vc_column_text][\/vc_column_inner][vc_column_inner width=\u00a0\u00bb1\/6&Prime;][\/vc_column_inner][\/vc_row_inner][\/vc_column][\/mk_page_section][mk_page_section bg_color=\u00a0\u00bb#f7f7f7&Prime; bg_position=\u00a0\u00bbcenter center\u00a0\u00bb bg_repeat=\u00a0\u00bbno-repeat\u00a0\u00bb padding_top=\u00a0\u00bb40&Prime; padding_bottom=\u00a0\u00bb40&Prime; el_class=\u00a0\u00bbhas-bg-overlay overlay&#8211;left light-red small\u00a0\u00bb sidebar=\u00a0\u00bbsidebar-1&Prime;][vc_column][vc_row_inner][vc_column_inner width=\u00a0\u00bb1\/3&Prime;][mk_image src=\u00a0\u00bbhttp:\/\/asiattorney.com\/wp-content\/uploads\/juliette-mely.png\u00a0\u00bb image_size=\u00a0\u00bbfull\u00a0\u00bb][\/vc_column_inner][vc_column_inner width=\u00a0\u00bb2\/3&Prime;][vc_column_text css=\u00a0\u00bb.vc_custom_1582707465734{margin-bottom: 0px !important;}\u00a0\u00bb]\n<p class=\"text-out-team\">Sous la direction de Juliette Mely, notre China Desk au Vietnam, qui maitrise la langue chinoise, agit pour le compte de soci\u00e9t\u00e9s chinoises qui cherchent \u00e0 faire des affaires et\/ou \u00e0 investir au Vietnam.<\/p>\n<p class=\"text-out-team\">Notre China Desk offre des services qui couvrent diff\u00e9rents domaines : la strat\u00e9gie d\u2019entr\u00e9e sur le march\u00e9, la recherche de partenaires d\u2019affaires, les relations gouvernementales, la r\u00e9daction de contrats, la protection, les licences et les transferts de technologie et de droits de propri\u00e9t\u00e9 intellectuelle, le d\u00e9veloppement de march\u00e9s.<\/p>\n[\/vc_column_text][vc_column_text css=\u00a0\u00bb.vc_custom_1582707474161{margin-bottom: 0px !important;}\u00a0\u00bb]\u90b1\u7426\u5973\u58eb<br \/>\n\u4e2d\u56fd\u4e1a\u52a1\u8d44\u6df1\u987e\u95ee<br \/>\n\u90b1\u7426\u5973\u58eb\u6bd5\u4e1a\u4e8e\u5317\u4eac\u5927\u5b66\uff0c\u66fe\u5728\u8d8a\u5357\u751f\u6d3b\u5de5\u4f5c\u6709\u5341\u5e74\u4e4b\u4e45\uff0c\u5bf9\u8d8a\u5357\u7684\u6587\u5316\u6709\u7740\u6df1\u5165\u7684\u4e86\u89e3\u5e76 \u79ef\u7d2f\u4e86\u6df1<br \/>\n\u5e7f\u7684\u4eba\u8109\u8d44\u6e90\u3002 \u90b1\u7426\u5973\u58eb\u5982\u4eca\u5b9a\u5c45\u5728\u80e1\u5fd7\u660e\u5e02\uff0c \u662f\u6211\u4eec\u4e8b\u52a1\u6240\u7684\u4e2d\u56fd\u7a97\u53e3\uff0c \u5979\u5e26\u9886\u56e2\u961f\u4e13\u95e8\u670d\u52a1\u6765<br \/>\n\u8d8a\u5357\u843d\u5730\u548c\u6295\u8d44\u7684\u4e2d\u56fd\u4f01\u4e1a\u3002<br \/>\n\u4e2d\u56fd\u7a97\u53e3\u7684\u54a8\u8be2\u670d\u52a1\u7684\u8303\u56f4\u5e7f\u6cdb\uff0c\u5305\u62ec\u534f\u52a9\u4e2d\u56fd\u4f01\u4e1a\u5bfb\u627e\u53d1\u5c55\u673a\u4f1a\u548c\u5408\u9002\u7684\u5408\u4f5c\u65b9\uff0c\u653f\u5e9c\u5173\u7cfb\u534f\u8c03\uff0c<br \/>\n\u516c\u53f8\u6ce8\u518c\uff0c\u62df\u5b9a\u5404\u7c7b\u5408\u540c\u53ca\u8eab\u4efd\u529e\u7406\u7b49\u5b8c\u6574\u5e76\u53ef\u9760\u7684\u4e00\u6761\u9f99\u670d\u52a1\uff0c\u8d77\u5230\u4e86\u4e3a\u4e2d\u56fd\u516c\u53f8\u5efa\u7acb\u8d77\u4e00\u4e2a\u5b89\u5168<br \/>\n\u7684\u4fdd\u62a4\u7f51\u7684\u4f5c\u7528\u3002[\/vc_column_text][\/vc_column_inner][\/vc_row_inner][\/vc_column][\/mk_page_section][mk_page_section bg_position=\u00a0\u00bbcenter center\u00a0\u00bb bg_repeat=\u00a0\u00bbno-repeat\u00a0\u00bb padding_top=\u00a0\u00bb80&Prime; padding_bottom=\u00a0\u00bb0&Prime; sidebar=\u00a0\u00bbsidebar-1&Prime;][vc_column][vc_row_inner][vc_column_inner width=\u00a0\u00bb1\/6&Prime;][\/vc_column_inner][vc_column_inner width=\u00a0\u00bb2\/3&Prime;][vc_column_text align=\u00a0\u00bbcenter\u00a0\u00bb margin_bottom=\u00a0\u00bb40&Prime; css=\u00a0\u00bb.vc_custom_1576832739171{margin-bottom: 0px !important;}\u00a0\u00bb]\n<h2><strong>Autres membres de l\u2019\u00e9quipe<\/strong><\/h2>\n[\/vc_column_text][\/vc_column_inner][vc_column_inner width=\u00a0\u00bb1\/6&Prime;][\/vc_column_inner][\/vc_row_inner][vc_row_inner el_class=\u00a0\u00bbdetail-team-member\u00a0\u00bb][vc_column_inner width=\u00a0\u00bb1\/4&Prime;][mk_icon_box icon=\u00a0\u00bb\u00a0\u00bb title=\u00a0\u00bbAlbert FRANCESKINJ\u00a0\u00bb read_more_url=\u00a0\u00bbhttp:\/\/asiattorney.com\/fr\/detail-albert-franceskinj\/\u00a0\u00bb icon_color=\u00a0\u00bb\u00a0\u00bb icon_circle_color=\u00a0\u00bb\u00a0\u00bb]Avocat au Barreau de Paris, Fondateur.[\/mk_icon_box][\/vc_column_inner][vc_column_inner width=\u00a0\u00bb1\/4&Prime;][mk_icon_box icon=\u00a0\u00bb\u00a0\u00bb title=\u00a0\u00bbAlejandro DOMINGUEZ HERREA\u00a0\u00bb read_more_url=\u00a0\u00bbhttp:\/\/asiattorney.com\/fr\/detail-alejandro-dominguez\/\u00a0\u00bb icon_color=\u00a0\u00bb\u00a0\u00bb icon_circle_color=\u00a0\u00bb\u00a0\u00bb]Avocat au barreau de Madrid, Associ\u00e9, Consul Honoraire d&rsquo;Espagne au Vietnam.[\/mk_icon_box][\/vc_column_inner][vc_column_inner width=\u00a0\u00bb1\/4&Prime;][mk_icon_box icon=\u00a0\u00bb\u00a0\u00bb title=\u00a0\u00bbCaroline CHAZARD\u00a0\u00bb read_more_url=\u00a0\u00bbhttp:\/\/asiattorney.com\/fr\/caroline-chazard\/\u00a0\u00bb icon_color=\u00a0\u00bb\u00a0\u00bb icon_circle_color=\u00a0\u00bb\u00a0\u00bb]Avocat au barreau de Madrid, Associ\u00e9, Consul Honoraire d&rsquo;Espagne au Vietnam.[\/mk_icon_box][\/vc_column_inner][vc_column_inner width=\u00a0\u00bb1\/4&Prime;][mk_icon_box icon=\u00a0\u00bb\u00a0\u00bb title=\u00a0\u00bbThuy Nhi Ph\u01b0\u01a1ng LUONG\u00a0\u00bb read_more_url=\u00a0\u00bbhttp:\/\/asiattorney.com\/fr\/detail-luongthuynhiphuong\/\u00a0\u00bb icon_color=\u00a0\u00bb\u00a0\u00bb icon_circle_color=\u00a0\u00bb\u00a0\u00bb]Avocat au barreau de Ho Chi Minh Ville, Collaboratrice[\/mk_icon_box][\/vc_column_inner][\/vc_row_inner][vc_row_inner el_class=\u00a0\u00bbdetail-team-member\u00a0\u00bb][vc_column_inner width=\u00a0\u00bb1\/4&Prime;][mk_icon_box icon=\u00a0\u00bb\u00a0\u00bb title=\u00a0\u00bbDUONG Thanh Bao\u00a0\u00bb read_more_url=\u00a0\u00bbhttp:\/\/asiattorney.com\/fr\/detail-duongthanhbao\/\u00a0\u00bb icon_color=\u00a0\u00bb\u00a0\u00bb icon_circle_color=\u00a0\u00bb\u00a0\u00bb]Avocat, Collaboratrice junior[\/mk_icon_box][\/vc_column_inner][vc_column_inner width=\u00a0\u00bb1\/4&Prime;][mk_icon_box icon=\u00a0\u00bb\u00a0\u00bb title=\u00a0\u00bbJulien TRAN\u00a0\u00bb read_more_url=\u00a0\u00bbhttp:\/\/asiattorney.com\/fr\/detail-julien-tran\/\u00a0\u00bb icon_color=\u00a0\u00bb\u00a0\u00bb icon_circle_color=\u00a0\u00bb\u00a0\u00bb]Conseil, Expert en droit civil. Bas\u00e9 \u00e0 Ho Chi Minh Ville, Vietnam.[\/mk_icon_box][\/vc_column_inner][vc_column_inner width=\u00a0\u00bb1\/4&Prime;][mk_icon_box icon=\u00a0\u00bb\u00a0\u00bb title=\u00a0\u00bbEvelyne NGUYEN\u00a0\u00bb read_more_url=\u00a0\u00bbhttp:\/\/asiattorney.com\/fr\/detail-evelyne-nguyen\/\u00a0\u00bb icon_color=\u00a0\u00bb\u00a0\u00bb icon_circle_color=\u00a0\u00bb\u00a0\u00bb]Conseil, expert en strat\u00e9gie Sant\u00e9, Pharma et Biotechnologies[\/mk_icon_box][\/vc_column_inner][vc_column_inner width=\u00a0\u00bb1\/4&Prime;][mk_icon_box icon=\u00a0\u00bb\u00a0\u00bb title=\u00a0\u00bbGuillaume LEMESLE\u00a0\u00bb read_more_url=\u00a0\u00bbhttp:\/\/asiattorney.com\/fr\/detail-guillaume-lemesle\/\u00a0\u00bb icon_color=\u00a0\u00bb\u00a0\u00bb icon_circle_color=\u00a0\u00bb\u00a0\u00bb]Conseil, expert et coach en d\u00e9veloppement professionnel[\/mk_icon_box][\/vc_column_inner][\/vc_row_inner][vc_row_inner el_class=\u00a0\u00bbdetail-team-member\u00a0\u00bb][vc_column_inner width=\u00a0\u00bb1\/4&Prime;][mk_icon_box icon=\u00a0\u00bb\u00a0\u00bb title=\u00a0\u00bbHubert MARTINI\u00a0\u00bb read_more_url=\u00a0\u00bbhttp:\/\/asiattorney.com\/fr\/detail-hubert-martini\/\u00a0\u00bb icon_color=\u00a0\u00bb\u00a0\u00bb icon_circle_color=\u00a0\u00bb\u00a0\u00bb]Conseil, expert en op\u00e9rations financi\u00e8res internationales[\/mk_icon_box][\/vc_column_inner][vc_column_inner width=\u00a0\u00bb1\/4&Prime;][mk_icon_box icon=\u00a0\u00bb\u00a0\u00bb title=\u00a0\u00bbDang NGUYEN HA\u00a0\u00bb read_more_url=\u00a0\u00bbhttp:\/\/asiattorney.com\/fr\/detail-nguyenhadang\/\u00a0\u00bb icon_color=\u00a0\u00bb\u00a0\u00bb icon_circle_color=\u00a0\u00bb\u00a0\u00bb]Conseil, expert et coach en d\u00e9veloppement professionnel[\/mk_icon_box][\/vc_column_inner][vc_column_inner width=\u00a0\u00bb1\/4&Prime;][mk_icon_box icon=\u00a0\u00bb\u00a0\u00bb title=\u00a0\u00bbHuyen NGUYEN\u00a0\u00bb read_more_url=\u00a0\u00bbhttp:\/\/asiattorney.com\/fr\/detail-huyennguyen\/\u00a0\u00bb icon_color=\u00a0\u00bb\u00a0\u00bb icon_circle_color=\u00a0\u00bb\u00a0\u00bb]Assistante trilingue[\/mk_icon_box][\/vc_column_inner][vc_column_inner width=\u00a0\u00bb1\/4&Prime;][\/vc_column_inner][\/vc_row_inner][\/vc_column][\/mk_page_section]\n<\/div>","protected":false},"excerpt":{"rendered":"<p>[mk_page_section bg_color=\u00a0\u00bb#f3ecec\u00a0\u00bb bg_position=\u00a0\u00bbcenter center\u00a0\u00bb bg_repeat=\u00a0\u00bbno-repeat\u00a0\u00bb padding_top=\u00a0\u00bb80&Prime; padding_bottom=\u00a0\u00bb0&Prime; sidebar=\u00a0\u00bbsidebar-1&Prime;][vc_column][vc_row_inner][vc_column_inner width=\u00a0\u00bb1\/6&Prime;][vc_column_text css=\u00a0\u00bb.vc_custom_1582708290600{margin-bottom: 0px !important;}\u00a0\u00bb]\u2190 Retour[\/vc_column_text][\/vc_column_inner][vc_column_inner width=\u00a0\u00bb2\/3&Prime;][vc_column_text align=\u00a0\u00bbcenter\u00a0\u00bb margin_bottom=\u00a0\u00bb40&Prime; css=\u00a0\u00bb.vc_custom_1576835130305{margin-bottom: 0px !important;}\u00a0\u00bb] Juliette MELY [\/vc_column_text][vc_column_text align=\u00a0\u00bbcenter\u00a0\u00bb margin_bottom=\u00a0\u00bb50&Prime; css=\u00a0\u00bb.vc_custom_1576835101738{margin-bottom: 0px !important;}\u00a0\u00bb]China Desk, Conseil Sp\u00e9cialiste du march\u00e9 chinois [\/vc_column_text][\/vc_column_inner][vc_column_inner width=\u00a0\u00bb1\/6&Prime;][\/vc_column_inner][\/vc_row_inner][\/vc_column][\/mk_page_section][mk_page_section bg_color=\u00a0\u00bb#f7f7f7&Prime; bg_position=\u00a0\u00bbcenter center\u00a0\u00bb bg_repeat=\u00a0\u00bbno-repeat\u00a0\u00bb padding_top=\u00a0\u00bb40&Prime; padding_bottom=\u00a0\u00bb40&Prime; el_class=\u00a0\u00bbhas-bg-overlay overlay&#8211;left light-red small\u00a0\u00bb sidebar=\u00a0\u00bbsidebar-1&Prime;][vc_column][vc_row_inner][vc_column_inner width=\u00a0\u00bb1\/3&Prime;][mk_image src=\u00a0\u00bbhttp:\/\/asiattorney.com\/wp-content\/uploads\/juliette-mely.png\u00a0\u00bb image_size=\u00a0\u00bbfull\u00a0\u00bb][\/vc_column_inner][vc_column_inner width=\u00a0\u00bb2\/3&Prime;][vc_column_text css=\u00a0\u00bb.vc_custom_1582707465734{margin-bottom: 0px !important;}\u00a0\u00bb] Sous la [&hellip;]<\/p>\n","protected":false},"author":5,"featured_media":0,"parent":0,"menu_order":0,"comment_status":"closed","ping_status":"closed","template":"","meta":{"footnotes":""},"class_list":["post-2329","page","type-page","status-publish","hentry"],"yoast_head":"<!-- This site is optimized with the Yoast SEO plugin v23.5 - https:\/\/yoast.com\/wordpress\/plugins\/seo\/ -->\n<title>Detail Juliette MELY - Fidal Asiattorneys<\/title>\n<meta name=\"robots\" content=\"index, follow, max-snippet:-1, max-image-preview:large, max-video-preview:-1\" \/>\n<link rel=\"canonical\" href=\"https:\/\/www.asiattorney.com\/fr\/detail-juliette-mely\/\" \/>\n<meta property=\"og:locale\" content=\"fr_FR\" \/>\n<meta property=\"og:type\" content=\"article\" \/>\n<meta property=\"og:title\" content=\"Detail Juliette MELY - Fidal Asiattorneys\" \/>\n<meta property=\"og:description\" content=\"[mk_page_section bg_color=\u00a0\u00bb#f3ecec\u00a0\u00bb bg_position=\u00a0\u00bbcenter center\u00a0\u00bb bg_repeat=\u00a0\u00bbno-repeat\u00a0\u00bb padding_top=\u00a0\u00bb80&Prime; padding_bottom=\u00a0\u00bb0&Prime; sidebar=\u00a0\u00bbsidebar-1&Prime;][vc_column][vc_row_inner][vc_column_inner width=\u00a0\u00bb1\/6&Prime;][vc_column_text css=\u00a0\u00bb.vc_custom_1582708290600{margin-bottom: 0px !important;}\u00a0\u00bb]\u2190 Retour[\/vc_column_text][\/vc_column_inner][vc_column_inner width=\u00a0\u00bb2\/3&Prime;][vc_column_text align=\u00a0\u00bbcenter\u00a0\u00bb margin_bottom=\u00a0\u00bb40&Prime; css=\u00a0\u00bb.vc_custom_1576835130305{margin-bottom: 0px !important;}\u00a0\u00bb] Juliette MELY [\/vc_column_text][vc_column_text align=\u00a0\u00bbcenter\u00a0\u00bb margin_bottom=\u00a0\u00bb50&Prime; css=\u00a0\u00bb.vc_custom_1576835101738{margin-bottom: 0px !important;}\u00a0\u00bb]China Desk, Conseil Sp\u00e9cialiste du march\u00e9 chinois [\/vc_column_text][\/vc_column_inner][vc_column_inner width=\u00a0\u00bb1\/6&Prime;][\/vc_column_inner][\/vc_row_inner][\/vc_column][\/mk_page_section][mk_page_section bg_color=\u00a0\u00bb#f7f7f7&Prime; bg_position=\u00a0\u00bbcenter center\u00a0\u00bb bg_repeat=\u00a0\u00bbno-repeat\u00a0\u00bb padding_top=\u00a0\u00bb40&Prime; padding_bottom=\u00a0\u00bb40&Prime; el_class=\u00a0\u00bbhas-bg-overlay overlay&#8211;left light-red small\u00a0\u00bb sidebar=\u00a0\u00bbsidebar-1&Prime;][vc_column][vc_row_inner][vc_column_inner width=\u00a0\u00bb1\/3&Prime;][mk_image src=\u00a0\u00bbhttp:\/\/asiattorney.com\/wp-content\/uploads\/juliette-mely.png\u00a0\u00bb image_size=\u00a0\u00bbfull\u00a0\u00bb][\/vc_column_inner][vc_column_inner width=\u00a0\u00bb2\/3&Prime;][vc_column_text css=\u00a0\u00bb.vc_custom_1582707465734{margin-bottom: 0px !important;}\u00a0\u00bb] Sous la [&hellip;]\" \/>\n<meta property=\"og:url\" content=\"https:\/\/www.asiattorney.com\/fr\/detail-juliette-mely\/\" \/>\n<meta property=\"og:site_name\" content=\"Fidal Asiattorneys\" \/>\n<meta property=\"article:publisher\" content=\"https:\/\/www.facebook.com\/FidalAsiattorneys\" \/>\n<meta property=\"article:modified_time\" content=\"2023-07-21T13:02:58+00:00\" \/>\n<meta name=\"twitter:card\" content=\"summary_large_image\" \/>\n<meta name=\"twitter:label1\" content=\"Dur\u00e9e de lecture estim\u00e9e\" \/>\n\t<meta name=\"twitter:data1\" content=\"2 minutes\" \/>\n<script type=\"application\/ld+json\" class=\"yoast-schema-graph\">{\"@context\":\"https:\/\/schema.org\",\"@graph\":[{\"@type\":\"WebPage\",\"@id\":\"https:\/\/www.asiattorney.com\/fr\/detail-juliette-mely\/\",\"url\":\"https:\/\/www.asiattorney.com\/fr\/detail-juliette-mely\/\",\"name\":\"Detail Juliette MELY - Fidal Asiattorneys\",\"isPartOf\":{\"@id\":\"https:\/\/54.179.223.75\/#website\"},\"datePublished\":\"2019-12-20T09:47:59+00:00\",\"dateModified\":\"2023-07-21T13:02:58+00:00\",\"breadcrumb\":{\"@id\":\"https:\/\/www.asiattorney.com\/fr\/detail-juliette-mely\/#breadcrumb\"},\"inLanguage\":\"fr-FR\",\"potentialAction\":[{\"@type\":\"ReadAction\",\"target\":[\"https:\/\/www.asiattorney.com\/fr\/detail-juliette-mely\/\"]}]},{\"@type\":\"BreadcrumbList\",\"@id\":\"https:\/\/www.asiattorney.com\/fr\/detail-juliette-mely\/#breadcrumb\",\"itemListElement\":[{\"@type\":\"ListItem\",\"position\":1,\"name\":\"Home\",\"item\":\"https:\/\/www.asiattorney.com\/fr\/\"},{\"@type\":\"ListItem\",\"position\":2,\"name\":\"Detail Juliette MELY\"}]},{\"@type\":\"WebSite\",\"@id\":\"https:\/\/54.179.223.75\/#website\",\"url\":\"https:\/\/54.179.223.75\/\",\"name\":\"Fidal Asiattorneys\",\"description\":\"Your crossborder crossculture legal partner\",\"publisher\":{\"@id\":\"https:\/\/54.179.223.75\/#organization\"},\"potentialAction\":[{\"@type\":\"SearchAction\",\"target\":{\"@type\":\"EntryPoint\",\"urlTemplate\":\"https:\/\/54.179.223.75\/?s={search_term_string}\"},\"query-input\":{\"@type\":\"PropertyValueSpecification\",\"valueRequired\":true,\"valueName\":\"search_term_string\"}}],\"inLanguage\":\"fr-FR\"},{\"@type\":\"Organization\",\"@id\":\"https:\/\/54.179.223.75\/#organization\",\"name\":\"Fidal Asiattorneys\",\"url\":\"https:\/\/54.179.223.75\/\",\"logo\":{\"@type\":\"ImageObject\",\"inLanguage\":\"fr-FR\",\"@id\":\"https:\/\/54.179.223.75\/#\/schema\/logo\/image\/\",\"url\":\"http:\/\/asiattorney.com\/wp-content\/uploads\/fidal-logo.jpg\",\"contentUrl\":\"http:\/\/asiattorney.com\/wp-content\/uploads\/fidal-logo.jpg\",\"width\":311,\"height\":58,\"caption\":\"Fidal Asiattorneys\"},\"image\":{\"@id\":\"https:\/\/54.179.223.75\/#\/schema\/logo\/image\/\"},\"sameAs\":[\"https:\/\/www.facebook.com\/FidalAsiattorneys\",\"https:\/\/www.linkedin.com\/company\/fidal-asiattorneys-vietnam\/\"]}]}<\/script>\n<!-- \/ Yoast SEO plugin. -->","yoast_head_json":{"title":"Detail Juliette MELY - Fidal Asiattorneys","robots":{"index":"index","follow":"follow","max-snippet":"max-snippet:-1","max-image-preview":"max-image-preview:large","max-video-preview":"max-video-preview:-1"},"canonical":"https:\/\/www.asiattorney.com\/fr\/detail-juliette-mely\/","og_locale":"fr_FR","og_type":"article","og_title":"Detail Juliette MELY - Fidal Asiattorneys","og_description":"[mk_page_section bg_color=\u00a0\u00bb#f3ecec\u00a0\u00bb bg_position=\u00a0\u00bbcenter center\u00a0\u00bb bg_repeat=\u00a0\u00bbno-repeat\u00a0\u00bb padding_top=\u00a0\u00bb80&Prime; padding_bottom=\u00a0\u00bb0&Prime; sidebar=\u00a0\u00bbsidebar-1&Prime;][vc_column][vc_row_inner][vc_column_inner width=\u00a0\u00bb1\/6&Prime;][vc_column_text css=\u00a0\u00bb.vc_custom_1582708290600{margin-bottom: 0px !important;}\u00a0\u00bb]\u2190 Retour[\/vc_column_text][\/vc_column_inner][vc_column_inner width=\u00a0\u00bb2\/3&Prime;][vc_column_text align=\u00a0\u00bbcenter\u00a0\u00bb margin_bottom=\u00a0\u00bb40&Prime; css=\u00a0\u00bb.vc_custom_1576835130305{margin-bottom: 0px !important;}\u00a0\u00bb] Juliette MELY [\/vc_column_text][vc_column_text align=\u00a0\u00bbcenter\u00a0\u00bb margin_bottom=\u00a0\u00bb50&Prime; css=\u00a0\u00bb.vc_custom_1576835101738{margin-bottom: 0px !important;}\u00a0\u00bb]China Desk, Conseil Sp\u00e9cialiste du march\u00e9 chinois [\/vc_column_text][\/vc_column_inner][vc_column_inner width=\u00a0\u00bb1\/6&Prime;][\/vc_column_inner][\/vc_row_inner][\/vc_column][\/mk_page_section][mk_page_section bg_color=\u00a0\u00bb#f7f7f7&Prime; bg_position=\u00a0\u00bbcenter center\u00a0\u00bb bg_repeat=\u00a0\u00bbno-repeat\u00a0\u00bb padding_top=\u00a0\u00bb40&Prime; padding_bottom=\u00a0\u00bb40&Prime; el_class=\u00a0\u00bbhas-bg-overlay overlay&#8211;left light-red small\u00a0\u00bb sidebar=\u00a0\u00bbsidebar-1&Prime;][vc_column][vc_row_inner][vc_column_inner width=\u00a0\u00bb1\/3&Prime;][mk_image src=\u00a0\u00bbhttp:\/\/asiattorney.com\/wp-content\/uploads\/juliette-mely.png\u00a0\u00bb image_size=\u00a0\u00bbfull\u00a0\u00bb][\/vc_column_inner][vc_column_inner width=\u00a0\u00bb2\/3&Prime;][vc_column_text css=\u00a0\u00bb.vc_custom_1582707465734{margin-bottom: 0px !important;}\u00a0\u00bb] Sous la [&hellip;]","og_url":"https:\/\/www.asiattorney.com\/fr\/detail-juliette-mely\/","og_site_name":"Fidal Asiattorneys","article_publisher":"https:\/\/www.facebook.com\/FidalAsiattorneys","article_modified_time":"2023-07-21T13:02:58+00:00","twitter_card":"summary_large_image","twitter_misc":{"Dur\u00e9e de lecture estim\u00e9e":"2 minutes"},"schema":{"@context":"https:\/\/schema.org","@graph":[{"@type":"WebPage","@id":"https:\/\/www.asiattorney.com\/fr\/detail-juliette-mely\/","url":"https:\/\/www.asiattorney.com\/fr\/detail-juliette-mely\/","name":"Detail Juliette MELY - Fidal Asiattorneys","isPartOf":{"@id":"https:\/\/54.179.223.75\/#website"},"datePublished":"2019-12-20T09:47:59+00:00","dateModified":"2023-07-21T13:02:58+00:00","breadcrumb":{"@id":"https:\/\/www.asiattorney.com\/fr\/detail-juliette-mely\/#breadcrumb"},"inLanguage":"fr-FR","potentialAction":[{"@type":"ReadAction","target":["https:\/\/www.asiattorney.com\/fr\/detail-juliette-mely\/"]}]},{"@type":"BreadcrumbList","@id":"https:\/\/www.asiattorney.com\/fr\/detail-juliette-mely\/#breadcrumb","itemListElement":[{"@type":"ListItem","position":1,"name":"Home","item":"https:\/\/www.asiattorney.com\/fr\/"},{"@type":"ListItem","position":2,"name":"Detail Juliette MELY"}]},{"@type":"WebSite","@id":"https:\/\/54.179.223.75\/#website","url":"https:\/\/54.179.223.75\/","name":"Fidal Asiattorneys","description":"Your crossborder crossculture legal partner","publisher":{"@id":"https:\/\/54.179.223.75\/#organization"},"potentialAction":[{"@type":"SearchAction","target":{"@type":"EntryPoint","urlTemplate":"https:\/\/54.179.223.75\/?s={search_term_string}"},"query-input":{"@type":"PropertyValueSpecification","valueRequired":true,"valueName":"search_term_string"}}],"inLanguage":"fr-FR"},{"@type":"Organization","@id":"https:\/\/54.179.223.75\/#organization","name":"Fidal Asiattorneys","url":"https:\/\/54.179.223.75\/","logo":{"@type":"ImageObject","inLanguage":"fr-FR","@id":"https:\/\/54.179.223.75\/#\/schema\/logo\/image\/","url":"http:\/\/asiattorney.com\/wp-content\/uploads\/fidal-logo.jpg","contentUrl":"http:\/\/asiattorney.com\/wp-content\/uploads\/fidal-logo.jpg","width":311,"height":58,"caption":"Fidal Asiattorneys"},"image":{"@id":"https:\/\/54.179.223.75\/#\/schema\/logo\/image\/"},"sameAs":["https:\/\/www.facebook.com\/FidalAsiattorneys","https:\/\/www.linkedin.com\/company\/fidal-asiattorneys-vietnam\/"]}]}},"_links":{"self":[{"href":"http:\/\/54.179.223.75\/fr\/wp-json\/wp\/v2\/pages\/2329"}],"collection":[{"href":"http:\/\/54.179.223.75\/fr\/wp-json\/wp\/v2\/pages"}],"about":[{"href":"http:\/\/54.179.223.75\/fr\/wp-json\/wp\/v2\/types\/page"}],"author":[{"embeddable":true,"href":"http:\/\/54.179.223.75\/fr\/wp-json\/wp\/v2\/users\/5"}],"replies":[{"embeddable":true,"href":"http:\/\/54.179.223.75\/fr\/wp-json\/wp\/v2\/comments?post=2329"}],"version-history":[{"count":12,"href":"http:\/\/54.179.223.75\/fr\/wp-json\/wp\/v2\/pages\/2329\/revisions"}],"predecessor-version":[{"id":2969,"href":"http:\/\/54.179.223.75\/fr\/wp-json\/wp\/v2\/pages\/2329\/revisions\/2969"}],"wp:attachment":[{"href":"http:\/\/54.179.223.75\/fr\/wp-json\/wp\/v2\/media?parent=2329"}],"curies":[{"name":"wp","href":"https:\/\/api.w.org\/{rel}","templated":true}]}}